{"id":28,"date":"2026-03-03T21:06:54","date_gmt":"2026-03-03T20:06:54","guid":{"rendered":"https:\/\/browbarmoraira.es\/about\/"},"modified":"2026-03-25T17:57:52","modified_gmt":"2026-03-25T16:57:52","slug":"about","status":"publish","type":"page","link":"https:\/\/browbarmoraira.es\/es\/about\/","title":{"rendered":"Acerca de"},"content":{"rendered":"<div data-colibri-id=\"28-c1\" class=\"style-1610 style-local-28-c1 position-relative\">\n  <!---->\n  <div data-colibri-component=\"section\" data-colibri-id=\"28-c2\" id=\"initial-content\" class=\"h-section h-section-global-spacing d-flex align-items-lg-center align-items-md-center align-items-center style-1611 style-local-28-c2 position-relative\">\n    <!---->\n    <!---->\n    <div class=\"h-section-grid-container h-section-boxed-container\">\n      <!---->\n      <div data-colibri-id=\"28-c3\" class=\"h-row-container gutters-row-lg-2 gutters-row-md-2 gutters-row-0 gutters-row-v-lg-2 gutters-row-v-md-2 gutters-row-v-2 style-1612 style-local-28-c3 position-relative\">\n        <!---->\n        <div class=\"h-row justify-content-lg-center justify-content-md-center justify-content-center align-items-lg-stretch align-items-md-stretch align-items-stretch gutters-col-lg-2 gutters-col-md-2 gutters-col-0 gutters-col-v-lg-2 gutters-col-v-md-2 gutters-col-v-2\">\n          <!---->\n          <div class=\"h-column h-column-container d-flex h-col-lg-auto h-col-md-auto h-col-auto style-1613-outer style-local-28-c4-outer\">\n            <div data-colibri-id=\"28-c4\" class=\"d-flex h-flex-basis h-column__inner h-px-lg-2 h-px-md-2 h-px-2 v-inner-lg-2 v-inner-md-2 v-inner-2 style-1613 style-local-28-c4 position-relative\">\n              <!---->\n              <!---->\n              <div class=\"w-100 h-y-container h-column__content h-column__v-align flex-basis-100 align-self-lg-start align-self-md-start align-self-start\">\n                <!---->\n                <div data-colibri-id=\"28-c5\" class=\"h-text h-text-component style-1680 style-local-28-c5 position-relative h-element\">\n                  <!---->\n                  <!---->\n                  <div class=\"\">\n                    <p>&nbsp; &nbsp;<\/p>\n                  <\/div>\n                <\/div>\n              <\/div>\n            <\/div>\n          <\/div>\n        <\/div>\n      <\/div>\n    <\/div>\n  <\/div>\n  <div data-colibri-component=\"section\" data-colibri-id=\"28-c6\" id=\"about-2\" class=\"h-section h-section-global-spacing d-flex align-items-lg-center align-items-md-center align-items-end style-1615 style-local-28-c6 h-overflow-hidden position-relative\">\n    <div class=\"background-wrapper\">\n      <div class=\"background-layer background-layer-media-container-lg\">\n        <div data-enabled=\"true\" data-colibri-component=\"parallax\" class=\"background-layer paraxify\" model-id=\"28-c6\" media=\"desktop\" is-preview=\"true\" style=\"background-image: url(&quot;https:\/\/browbarmoraira.es\/wp-content\/uploads\/2026\/03\/cropped-17-scaled-1.png&quot;); background-position: center center;\">\n          <div class=\"resize-triggers\">\n            <div class=\"expand-trigger\">\n              <div style=\"width: 1px; height: 1px;\"><\/div>\n            <\/div>\n            <div class=\"contract-trigger\"><\/div>\n          <\/div>\n        <\/div>\n        <div class=\"overlay-layer\">\n          <div class=\"overlay-image-layer\" style=\"background-image: linear-gradient(90deg, rgba(236, 221, 186, 0.7) 55%, rgba(255, 255, 255, 0.5) 100%);\"><\/div>\n        <\/div>\n      <\/div>\n      <div class=\"background-layer background-layer-media-container-md\">\n        <div data-enabled=\"true\" data-colibri-component=\"parallax\" class=\"background-layer paraxify\" model-id=\"28-c6\" media=\"tablet\" is-preview=\"true\" style=\"background-image: url(&quot;https:\/\/browbarmoraira.es\/wp-content\/uploads\/2026\/03\/cropped-17-scaled-1.png&quot;); background-position: center center;\">\n          <div class=\"resize-triggers\">\n            <div class=\"expand-trigger\">\n              <div style=\"width: 1px; height: 1px;\"><\/div>\n            <\/div>\n            <div class=\"contract-trigger\"><\/div>\n          <\/div>\n        <\/div>\n        <div class=\"overlay-layer\">\n          <div class=\"overlay-image-layer\" style=\"background-image: linear-gradient(90deg, rgba(236, 221, 186, 0.7) 55%, rgba(255, 255, 255, 0.5) 100%);\"><\/div>\n        <\/div>\n      <\/div>\n      <div class=\"background-layer background-layer-media-container\">\n        <div data-enabled=\"true\" data-colibri-component=\"parallax\" class=\"background-layer paraxify\" model-id=\"28-c6\" media=\"mobile\" is-preview=\"true\" style=\"background-image: url(&quot;https:\/\/browbarmoraira.es\/wp-content\/uploads\/2026\/03\/cropped-17-scaled-1.png&quot;); background-position: center center;\">\n          <div class=\"resize-triggers\">\n            <div class=\"expand-trigger\">\n              <div style=\"width: 1px; height: 1px;\"><\/div>\n            <\/div>\n            <div class=\"contract-trigger\"><\/div>\n          <\/div>\n        <\/div>\n        <div class=\"overlay-layer\">\n          <div class=\"overlay-image-layer\" style=\"background-image: linear-gradient(90deg, rgba(236, 221, 186, 0.7) 55%, rgba(255, 255, 255, 0.5) 100%);\"><\/div>\n        <\/div>\n      <\/div>\n    <\/div>\n    <!---->\n    <div class=\"h-section-grid-container h-section-boxed-container\">\n      <!---->\n      <div data-colibri-id=\"28-c7\" class=\"h-row-container gutters-row-lg-2 gutters-row-md-2 gutters-row-0 gutters-row-v-lg-2 gutters-row-v-md-2 gutters-row-v-2 style-1620 style-local-28-c7 position-relative\">\n        <!---->\n        <div class=\"h-row justify-content-lg-center justify-content-md-center justify-content-center align-items-lg-stretch align-items-md-stretch align-items-stretch gutters-col-lg-2 gutters-col-md-2 gutters-col-0 gutters-col-v-lg-2 gutters-col-v-md-2 gutters-col-v-2\">\n          <!---->\n          <div class=\"h-column h-column-container d-flex h-col-lg-auto h-col-md-auto h-col-auto style-1621-outer style-local-28-c8-outer\">\n            <div data-colibri-id=\"28-c8\" class=\"d-flex h-flex-basis h-column__inner h-px-lg-2 h-px-md-2 h-px-2 v-inner-lg-2 v-inner-md-2 v-inner-2 style-1621 style-local-28-c8 position-relative\">\n              <!---->\n              <!---->\n              <div class=\"w-100 h-y-container h-column__content h-column__v-align flex-basis-100 align-self-lg-start align-self-md-start align-self-start\">\n                <!---->\n                <div data-colibri-id=\"28-c9\" class=\"h-global-transition-all h-heading style-1622 style-local-28-c9 position-relative h-element\">\n                  <!---->\n                  <div class=\"h-heading__outer style-1622 style-local-28-c9\">\n                    <!---->\n                    <!---->\n                    <h2 class=\"\">Bienvenido a Brow Bar Moraira<\/h2>\n                  <\/div>\n                <\/div>\n              <\/div>\n            <\/div>\n          <\/div>\n        <\/div>\n      <\/div>\n      <div data-colibri-id=\"28-c10\" class=\"h-row-container gutters-row-lg-0 gutters-row-md-0 gutters-row-2 gutters-row-v-lg-0 gutters-row-v-md-0 gutters-row-v-2 style-1616 style-local-28-c10 position-relative\">\n        <!---->\n        <div class=\"h-row justify-content-lg-start justify-content-md-start justify-content-center align-items-lg-stretch align-items-md-stretch align-items-stretch gutters-col-lg-0 gutters-col-md-0 gutters-col-2 gutters-col-v-lg-0 gutters-col-v-md-0 gutters-col-v-2\">\n          <!---->\n          <div class=\"h-column h-column-container d-flex h-col-lg-auto h-col-md-auto h-col-auto style-1617-outer style-local-28-c11-outer\">\n            <div data-colibri-id=\"28-c11\" class=\"d-flex h-flex-basis h-column__inner h-px-lg-2 h-px-md-2 h-px-2 v-inner-lg-2 v-inner-md-2 v-inner-2 style-1617 style-local-28-c11 position-relative\">\n              <!---->\n              <!---->\n              <div class=\"w-100 h-y-container h-column__content h-column__v-align flex-basis-auto align-self-lg-center align-self-md-center align-self-center\">\n                <!---->\n                <div data-colibri-id=\"28-c12\" class=\"h-global-transition-all h-heading style-1618 style-local-28-c12 position-relative h-element\">\n                  <!---->\n                  <div class=\"h-heading__outer style-1618 style-local-28-c12\">\n                    <!---->\n                    <!---->\n                    <h2 class=\"\">D\u00f3nde&nbsp;<em style=\"color: rgb(3, 169, 244); font-family: &quot;Playfair Display&quot;;\">Arte&nbsp;<\/em>Cumple con&nbsp;<em style=\"color: rgb(3, 169, 244); font-family: &quot;Playfair Display&quot;;\">Mediterr\u00e1neo<\/em><\/h2>\n                  <\/div>\n                <\/div>\n                <div data-colibri-id=\"28-c13\" class=\"h-text h-text-component style-1619 style-local-28-c13 position-relative h-element\">\n                  <!---->\n                  <!---->\n                  <div class=\"\">\n                    <p>Anidado en el coraz\u00f3n de la Costa Blanca\u2014<span style=\"color: rgb(3, 3, 3);\">a menos de 50 metros del brillante mar Mediterr\u00e1neo y el puerto deportivo de Moraira<\/span>\u2014Brow Bar Moraira es tu destino principal para mejoras de cejas y pesta\u00f1as de alta gama.\n\nCreemos que la belleza est\u00e1 en los detalles. Como especializados<\/p>\n                    <p>Creemos que la belleza est\u00e1 en los detalles. Como especialistas <span style=\"color: rgb(8, 8, 8);\">M\u00e1sters en Maquillaje Permanente (PMU)<\/span> <span style=\"color: rgb(7, 7, 7);\">y tratamientos profesionales para cejas y pesta\u00f1as<\/span>, hemos dedicado a\u00f1os a perfeccionar el arte del look \u201cnatural pero pulido\u201d. Ya sea que busques el acabado suave y pixelado de las Cejas en Polvo, un levantamiento de pesta\u00f1as preciso o un dise\u00f1o experto, nuestro trabajo se define por la precisi\u00f3n, la pasi\u00f3n y a\u00f1os de experiencia internacional.<\/p>\n                    <p><span style=\"font-size: 113%; color: rgb(4, 4, 4); font-family: Italiana;\">A <\/span><em style=\"font-size: 113%; color: rgb(3, 169, 244); font-family: Italiana;\">Personalizado<\/em><span style=\"font-size: 113%; color: rgb(4, 4, 4); font-family: Italiana;\"> Experiencia<\/span><\/p>\n                    <p>En Brow Bar Moraira no creemos en un concepto de belleza \u00fanico para todos. Nos tomamos el tiempo necesario para escucharte, analizar tu rostro y crear un look que se adapte a tu estructura facial y a tu estilo de vida.<\/p>\n                    <p>Nos enorgullecemos de ser un punto de encuentro internacional para los amantes de la belleza. Para garantizar que todos nuestros hu\u00e9spedes se sientan como en casa, estamos totalmente <span style=\"color: rgb(9, 9, 9);\">multiling\u00fce,<\/span> Ofreciendo consultas y tratamientos en:<\/p>\n                    <ul>\n                      <li><span style=\"color: rgb(10, 10, 10);\">Ingl\u00e9s<\/span><\/li>\n                      <li><span style=\"color: rgb(10, 10, 10);\">Holand\u00e9s<\/span><\/li>\n                      <li><span style=\"color: rgb(10, 10, 10);\">Espa\u00f1ol<\/span><\/li>\n                    <\/ul>\n                    <p>Sal del sol espa\u00f1ol y entra en nuestro estudio boutique para una transformaci\u00f3n que perdura. Desde el primer boceto hasta el resultado final, est\u00e1s en manos de expertos que realmente se preocupan por el arte del arco.<\/p>\n                  <\/div>\n                <\/div>\n              <\/div>\n            <\/div>\n          <\/div>\n        <\/div>\n      <\/div>\n    <\/div>\n  <\/div>\n  <div data-colibri-component=\"section\" data-colibri-id=\"28-c14\" id=\"about-3\" class=\"h-section h-section-global-spacing d-flex align-items-lg-center align-items-md-center align-items-center style-1670 style-local-28-c14 position-relative\">\n    <!---->\n    <!---->\n    <div class=\"h-section-grid-container h-section-boxed-container\">\n      <!---->\n      <div data-colibri-id=\"28-c15\" class=\"h-row-container gutters-row-lg-2 gutters-row-md-2 gutters-row-2 gutters-row-v-lg-2 gutters-row-v-md-2 gutters-row-v-2 style-1671 style-local-28-c15 position-relative\">\n        <!---->\n        <div class=\"h-row justify-content-lg-center justify-content-md-center justify-content-center align-items-lg-stretch align-items-md-stretch align-items-stretch gutters-col-lg-2 gutters-col-md-2 gutters-col-2 gutters-col-v-lg-2 gutters-col-v-md-2 gutters-col-v-2\">\n          <!---->\n          <div class=\"h-column h-column-container d-flex h-col-lg-auto h-col-md-auto h-col-auto style-1672-outer style-local-28-c16-outer\">\n            <div data-colibri-id=\"28-c16\" class=\"d-flex h-flex-basis h-column__inner h-px-lg-2 h-px-md-2 h-px-2 v-inner-lg-2 v-inner-md-2 v-inner-2 style-1672 style-local-28-c16 position-relative\">\n              <!---->\n              <!---->\n              <div class=\"w-100 h-y-container h-column__content h-column__v-align flex-basis-100 align-self-lg-center align-self-md-center align-self-center\">\n                <!---->\n                <div data-colibri-id=\"28-c17\" class=\"h-global-transition-all h-heading style-1673 style-local-28-c17 position-relative h-element\">\n                  <!---->\n                  <div class=\"h-heading__outer style-1673 style-local-28-c17\">\n                    <!---->\n                    <!---->\n                    <h3 class=\"\">Nuestra Misi\u00f3n<\/h3>\n                  <\/div>\n                <\/div>\n                <div data-colibri-id=\"28-c18\" class=\"h-global-transition-all h-heading style-1674 style-local-28-c18 position-relative h-element\">\n                  <!---->\n                  <div class=\"h-heading__outer style-1674 style-local-28-c18\">\n                    <!---->\n                    <!---->\n                    <h2 class=\"\">Tu&nbsp;<em style=\"font-family: &quot;Playfair Display&quot;; color: rgb(3, 169, 244);\">Cejas y pesta\u00f1as<\/em>&nbsp;son nuestros <em style=\"font-family: &quot;Playfair Display&quot;; color: rgb(3, 169, 244);\">Negocio<\/em>&nbsp;<\/h2>\n                  <\/div>\n                <\/div>\n                <div data-colibri-id=\"28-c19\" class=\"h-lead h-text h-text-component style-1675 style-local-28-c19 position-relative h-element\">\n                  <!---->\n                  <!---->\n                  <div class=\"\">\n                    <p>En Brow Bar Moraira, nuestra misi\u00f3n es sencilla: asegurarnos de que nadie tenga que volver a conformarse nunca m\u00e1s con unas cejas y unas pesta\u00f1as que no le convencen. Al situar a nuestros clientes en el centro de todo lo que hacemos, combinamos a\u00f1os de experiencia con una pasi\u00f3n por la perfecci\u00f3n. Nos dedicamos a crear la m\u00e1xima \u00abconfianza en las cejas\u00bb para cada persona que cruza nuestras puertas.<\/p>\n                  <\/div>\n                <\/div>\n              <\/div>\n            <\/div>\n          <\/div>\n          <div class=\"h-column h-column-container d-flex h-col-lg-auto h-col-md-auto h-col-auto style-1678-outer style-local-28-c20-outer\">\n            <div data-colibri-id=\"28-c20\" class=\"d-flex h-flex-basis h-column__inner h-px-lg-2 h-px-md-2 h-px-2 v-inner-lg-2 v-inner-md-2 v-inner-2 style-1678 style-local-28-c20 position-relative\">\n              <!---->\n              <!---->\n              <div class=\"w-100 h-y-container h-column__content h-column__v-align flex-basis-100 align-self-lg-center align-self-md-center align-self-center\">\n                <!---->\n                <div data-colibri-id=\"28-c21\" class=\"d-block style-1679 style-local-28-c21 position-relative h-element\">\n                  <!---->\n                  <div class=\"h-image__frame-container-outer\">\n                    <div class=\"h-image__frame-container\">\n                      <!---->\n                      <div class=\"h-image__overlay style-1679-overlay style-local-28-c21-overlay\">\n                        <div class=\"overlay-layer\">\n                          <div class=\"overlay-image-layer\" style=\"background-image: linear-gradient(135deg, rgba(253, 252, 251, 0.8) 0%, rgba(226, 209, 195, 0.8) 100%);\"><\/div>\n                        <\/div>\n                      <\/div>\n                      <img loading=\"lazy\" decoding=\"async\" width=\"790\" height=\"790\" src=\"https:\/\/browbarmoraira.es\/wp-content\/uploads\/2026\/03\/cropped-cropped-Foto-7-3-26-om-20.52-1.jpeg\" class=\"wp-image-567 style-1679-image style-local-28-c21-image\" alt=\"\" srcset=\"https:\/\/browbarmoraira.es\/wp-content\/uploads\/2026\/03\/cropped-cropped-Foto-7-3-26-om-20.52-1.jpeg 790w, https:\/\/browbarmoraira.es\/wp-content\/uploads\/2026\/03\/cropped-cropped-Foto-7-3-26-om-20.52-1-300x300.jpeg 300w, https:\/\/browbarmoraira.es\/wp-content\/uploads\/2026\/03\/cropped-cropped-Foto-7-3-26-om-20.52-1-150x150.jpeg 150w, https:\/\/browbarmoraira.es\/wp-content\/uploads\/2026\/03\/cropped-cropped-Foto-7-3-26-om-20.52-1-768x768.jpeg 768w, https:\/\/browbarmoraira.es\/wp-content\/uploads\/2026\/03\/cropped-cropped-Foto-7-3-26-om-20.52-1-12x12.jpeg 12w\" sizes=\"auto, (max-width: 790px) 100vw, 790px\" \/>\n                      <div class=\"h-image__frame h-hide-sm style-1679-frameImage style-local-28-c21-frameImage\"><\/div>\n                    <\/div>\n                  <\/div>\n                <\/div>\n              <\/div>\n            <\/div>\n          <\/div>\n        <\/div>\n      <\/div>\n    <\/div>\n  <\/div>\n<\/div>","protected":false},"excerpt":{"rendered":"<p>&nbsp; &nbsp; Welcome to Brow Bar Moraira Where&nbsp;Artistry&nbsp;Meets the&nbsp;Mediterranean Nestled in the heart [&hellip;]<\/p>\n","protected":false},"author":1,"featured_media":0,"parent":0,"menu_order":0,"comment_status":"closed","ping_status":"closed","template":"page-templates\/full-width-page.php","meta":{"_uf_show_specific_survey":0,"_uf_disable_surveys":false,"_themeisle_gutenberg_block_has_review":false,"footnotes":""},"class_list":["post-28","page","type-page","status-publish","hentry"],"aioseo_notices":[],"_links":{"self":[{"href":"https:\/\/browbarmoraira.es\/es\/wp-json\/wp\/v2\/pages\/28","targetHints":{"allow":["GET"]}}],"collection":[{"href":"https:\/\/browbarmoraira.es\/es\/wp-json\/wp\/v2\/pages"}],"about":[{"href":"https:\/\/browbarmoraira.es\/es\/wp-json\/wp\/v2\/types\/page"}],"author":[{"embeddable":true,"href":"https:\/\/browbarmoraira.es\/es\/wp-json\/wp\/v2\/users\/1"}],"replies":[{"embeddable":true,"href":"https:\/\/browbarmoraira.es\/es\/wp-json\/wp\/v2\/comments?post=28"}],"version-history":[{"count":12,"href":"https:\/\/browbarmoraira.es\/es\/wp-json\/wp\/v2\/pages\/28\/revisions"}],"predecessor-version":[{"id":2092,"href":"https:\/\/browbarmoraira.es\/es\/wp-json\/wp\/v2\/pages\/28\/revisions\/2092"}],"wp:attachment":[{"href":"https:\/\/browbarmoraira.es\/es\/wp-json\/wp\/v2\/media?parent=28"}],"curies":[{"name":"wp","href":"https:\/\/api.w.org\/{rel}","templated":true}]}}