{"id":1388,"date":"2026-03-18T22:42:28","date_gmt":"2026-03-18T21:42:28","guid":{"rendered":"https:\/\/browbarmoraira.es\/powder-brow-preview\/"},"modified":"2026-03-18T23:23:59","modified_gmt":"2026-03-18T22:23:59","slug":"powder-brow-preview","status":"publish","type":"page","link":"https:\/\/browbarmoraira.es\/es\/powder-brow-preview\/","title":{"rendered":"Vista previa de cejas en polvo"},"content":{"rendered":"<div data-colibri-id=\"1388-c1\" class=\"style-1575 style-local-1388-c1 position-relative\">\n  <!---->\n  <div data-colibri-component=\"section\" data-colibri-id=\"1388-c2\" id=\"about\" class=\"h-section h-section-global-spacing d-flex align-items-lg-center align-items-md-center align-items-center style-1576 style-local-1388-c2 position-relative\">\n    <!---->\n    <!---->\n    <div class=\"h-section-grid-container h-section-boxed-container\">\n      <!---->\n      <div data-colibri-id=\"1388-c3\" class=\"h-row-container gutters-row-lg-2 gutters-row-md-2 gutters-row-2 gutters-row-v-lg-2 gutters-row-v-md-2 gutters-row-v-2 style-1577 style-local-1388-c3 position-relative\">\n        <!---->\n        <div class=\"h-row justify-content-lg-center justify-content-md-center justify-content-center align-items-lg-stretch align-items-md-stretch align-items-stretch gutters-col-lg-2 gutters-col-md-2 gutters-col-2 gutters-col-v-lg-2 gutters-col-v-md-2 gutters-col-v-2\">\n          <!---->\n          <div class=\"h-column h-column-container d-flex h-col-lg-auto h-col-md-auto h-col-auto style-1578-outer style-local-1388-c4-outer\">\n            <div data-colibri-id=\"1388-c4\" class=\"d-flex h-flex-basis h-column__inner h-px-lg-2 h-px-md-2 h-px-2 v-inner-lg-2 v-inner-md-2 v-inner-2 style-1578 style-local-1388-c4 position-relative\">\n              <!---->\n              <!---->\n              <div class=\"w-100 h-y-container h-column__content h-column__v-align flex-basis-100 align-self-lg-center align-self-md-center align-self-center\">\n                <!---->\n                <div data-colibri-id=\"1388-c5\" class=\"h-global-transition-all h-heading style-1579 style-local-1388-c5 position-relative h-element\">\n                  <!---->\n                  <div class=\"h-heading__outer style-1579 style-local-1388-c5\">\n                    <!---->\n                    <!---->\n                    <h5 class=\"\">Vista previa de Powderbrow<\/h5>\n                  <\/div>\n                <\/div>\n                <div data-colibri-id=\"1388-c6\" class=\"h-global-transition-all h-heading style-1580 style-local-1388-c6 position-relative h-element\">\n                  <!---->\n                  <div class=\"h-heading__outer style-1580 style-local-1388-c6\">\n                    <!---->\n                    <!---->\n                    <h2 class=\"\">\u00bfNo est\u00e1s segura de si el&nbsp;<em style=\"font-family: &quot;Playfair Display&quot;; color: rgb(174, 160, 141);\">Tratamiento Powder Brow<\/em>&nbsp;es adecuado para ti?<\/h2>\n                  <\/div>\n                <\/div>\n                <div data-colibri-id=\"1388-c7\" class=\"h-lead h-text h-text-component style-1581 style-local-1388-c7 position-relative h-element\">\n                  <!---->\n                  <!---->\n                  <div class=\"\">\n                    <p>\u00bfSue\u00f1as con unas cejas perfectas sin esfuerzo pero te sientes un poco nerviosa al dar el paso? Lo entendemos: el maquillaje permanente es una gran decisi\u00f3n. Por eso ofrecemos la Vista Previa de Cejas en Polvo, una sesi\u00f3n dedicada a darte total tranquilidad antes de que cualquier pigmento toque tu piel.<\/p>\n                    <p>\n                      <br>\n                    <\/p>\n                  <\/div>\n                <\/div>\n              <\/div>\n            <\/div>\n          <\/div>\n        <\/div>\n      <\/div>\n    <\/div>\n  <\/div>\n  <div data-colibri-component=\"section\" data-colibri-id=\"1388-c12\" id=\"about-2\" class=\"h-section h-section-global-spacing d-flex align-items-lg-center align-items-md-center align-items-end style-1586 style-local-1388-c12 h-overflow-hidden position-relative\">\n    <div class=\"background-wrapper\">\n      <div class=\"background-layer background-layer-media-container-lg\">\n        <div data-enabled=\"true\" data-colibri-component=\"parallax\" class=\"background-layer paraxify\" model-id=\"1388-c12\" media=\"desktop\" is-preview=\"true\" style=\"background-image: url(&quot;https:\/\/browbarmoraira.es\/wp-content\/uploads\/2026\/03\/04dc9e5a40764dd8b8b9afe3b78912c3.jpg&quot;); background-position: center center;\">\n          <div class=\"resize-triggers\">\n            <div class=\"expand-trigger\">\n              <div style=\"width: 1px; height: 1px;\"><\/div>\n            <\/div>\n            <div class=\"contract-trigger\"><\/div>\n          <\/div>\n        <\/div>\n        <div class=\"overlay-layer\">\n          <div class=\"overlay-image-layer\" style=\"background-color: rgb(121, 100, 81); opacity: 0.73;\"><\/div>\n        <\/div>\n      <\/div>\n      <div class=\"background-layer background-layer-media-container-md\">\n        <div data-enabled=\"true\" data-colibri-component=\"parallax\" class=\"background-layer paraxify\" model-id=\"1388-c12\" media=\"tablet\" is-preview=\"true\" style=\"background-image: url(&quot;https:\/\/browbarmoraira.es\/wp-content\/uploads\/2026\/03\/04dc9e5a40764dd8b8b9afe3b78912c3.jpg&quot;); background-position: center center;\">\n          <div class=\"resize-triggers\">\n            <div class=\"expand-trigger\">\n              <div style=\"width: 1px; height: 1px;\"><\/div>\n            <\/div>\n            <div class=\"contract-trigger\"><\/div>\n          <\/div>\n        <\/div>\n        <div class=\"overlay-layer\">\n          <div class=\"overlay-image-layer\" style=\"background-color: rgb(121, 100, 81); opacity: 0.73;\"><\/div>\n        <\/div>\n      <\/div>\n      <div class=\"background-layer background-layer-media-container\">\n        <div data-enabled=\"true\" data-colibri-component=\"parallax\" class=\"background-layer paraxify\" model-id=\"1388-c12\" media=\"mobile\" is-preview=\"true\" style=\"background-image: url(&quot;https:\/\/browbarmoraira.es\/wp-content\/uploads\/2026\/03\/04dc9e5a40764dd8b8b9afe3b78912c3.jpg&quot;); background-position: center center;\">\n          <div class=\"resize-triggers\">\n            <div class=\"expand-trigger\">\n              <div style=\"width: 1px; height: 1px;\"><\/div>\n            <\/div>\n            <div class=\"contract-trigger\"><\/div>\n          <\/div>\n        <\/div>\n        <div class=\"overlay-layer\">\n          <div class=\"overlay-image-layer\" style=\"background-color: rgb(121, 100, 81); opacity: 0.73;\"><\/div>\n        <\/div>\n      <\/div>\n    <\/div>\n    <!---->\n    <div class=\"h-section-grid-container h-section-boxed-container\">\n      <!---->\n      <div data-colibri-id=\"1388-c13\" class=\"h-row-container gutters-row-lg-0 gutters-row-md-0 gutters-row-2 gutters-row-v-lg-0 gutters-row-v-md-0 gutters-row-v-0 style-1587 style-local-1388-c13 position-relative\">\n        <!---->\n        <div class=\"h-row justify-content-lg-start justify-content-md-start justify-content-center align-items-lg-stretch align-items-md-stretch align-items-stretch gutters-col-lg-0 gutters-col-md-0 gutters-col-2 gutters-col-v-lg-0 gutters-col-v-md-0 gutters-col-v-0\">\n          <!---->\n          <div class=\"h-column h-column-container d-flex h-col-lg-auto h-col-md-auto h-col-auto style-1588-outer style-local-1388-c14-outer\">\n            <div data-colibri-id=\"1388-c14\" class=\"d-flex h-flex-basis h-column__inner h-px-lg-2 h-px-md-2 h-px-0 v-inner-lg-2 v-inner-md-2 v-inner-0 style-1588 style-local-1388-c14 position-relative\">\n              <!---->\n              <!---->\n              <div class=\"w-100 h-y-container h-column__content h-column__v-align flex-basis-100 align-self-lg-end align-self-md-end align-self-end\">\n                <!---->\n                <div data-colibri-id=\"1388-c15\" class=\"h-global-transition-all h-heading style-1589 style-local-1388-c15 position-relative h-element\">\n                  <!---->\n                  <div class=\"h-heading__outer style-1589 style-local-1388-c15\">\n                    <!---->\n                    <!---->\n                    <h3 class=\"\">\u00bfQu\u00e9 puedes esperar durante nuestra vista previa?<\/h3>\n                  <\/div>\n                <\/div>\n                <div data-colibri-id=\"1388-c16\" class=\"h-lead h-text h-text-component style-1590 style-local-1388-c16 position-relative h-element\">\n                  <!---->\n                  <!---->\n                  <div class=\"\">\n                    <p>Piensa en esto como una \"prueba de conducci\u00f3n\" para tu rostro. Durante tu vista previa, nos enfocamos en:<\/p>\n                    <ul>\n                      <li>Mapeo Personalizado: Usando la estructura \u00fanica de tus huesos y las proporciones de tu rostro, dibujamos a l\u00e1piz tus cejas futuras para que puedas ver exactamente d\u00f3nde se colocar\u00e1n.<\/li>\n                      <li>Personalizaci\u00f3n del color: Probamos diferentes tonos de pigmento sobre tu piel para encontrar la combinaci\u00f3n perfecta, ya sea que busques un rubio suave o un intenso espresso.<\/li>\n                      <li>Calibraci\u00f3n de estilo: Tanto si prefieres un acabado suave y difuminado como un aspecto m\u00e1s definido de \u201cno contorno\u201d, ajustamos la forma hasta que te enamores de lo que ves en el espejo.<\/li>\n                    <\/ul>\n                    <p>El objetivo es sencillo: sin sorpresas. Saldr\u00e1s de la sesi\u00f3n con una visi\u00f3n clara de tu nuevo aspecto, sinti\u00e9ndote seguro, emocionado y listo para tu transformaci\u00f3n.<\/p>\n                  <\/div>\n                <\/div>\n              <\/div>\n            <\/div>\n          <\/div>\n        <\/div>\n      <\/div>\n    <\/div>\n  <\/div>\n  <div data-colibri-component=\"section\" data-colibri-id=\"1388-c17\" id=\"cta\" class=\"h-section h-section-global-spacing d-flex align-items-lg-center align-items-md-center align-items-center style-1591 style-local-1388-c17 position-relative\">\n    <!---->\n    <!---->\n    <div class=\"h-section-grid-container h-section-boxed-container\">\n      <!---->\n      <div data-colibri-id=\"1388-c18\" class=\"h-row-container gutters-row-lg-2 gutters-row-md-2 gutters-row-2 gutters-row-v-lg-2 gutters-row-v-md-2 gutters-row-v-2 style-1592 style-local-1388-c18 position-relative\">\n        <!---->\n        <div class=\"h-row justify-content-lg-center justify-content-md-center justify-content-center align-items-lg-stretch align-items-md-stretch align-items-stretch gutters-col-lg-2 gutters-col-md-2 gutters-col-2 gutters-col-v-lg-2 gutters-col-v-md-2 gutters-col-v-2\">\n          <!---->\n          <div class=\"h-column h-column-container d-flex h-col-lg-auto h-col-md-auto h-col-auto style-1593-outer style-local-1388-c19-outer\">\n            <div data-colibri-id=\"1388-c19\" class=\"d-flex h-flex-basis h-column__inner h-px-lg-2 h-px-md-2 h-px-2 v-inner-lg-2 v-inner-md-2 v-inner-2 style-1593 style-local-1388-c19 position-relative\">\n              <!---->\n              <!---->\n              <div class=\"w-100 h-y-container h-column__content h-column__v-align flex-basis-100 align-self-lg-start align-self-md-start align-self-start\">\n                <!---->\n                <div data-colibri-id=\"1388-c20\" class=\"h-row-container gutters-row-lg-0 gutters-row-md-0 gutters-row-0 gutters-row-v-lg-0 gutters-row-v-md-0 gutters-row-v-0 style-1594 style-local-1388-c20 position-relative\">\n                  <!---->\n                  <div class=\"h-row justify-content-lg-center justify-content-md-center justify-content-center align-items-lg-stretch align-items-md-stretch align-items-stretch gutters-col-lg-0 gutters-col-md-0 gutters-col-0 gutters-col-v-lg-0 gutters-col-v-md-0 gutters-col-v-0\">\n                    <!---->\n                    <div class=\"h-column h-column-container d-flex h-col-lg-auto h-col-md-auto h-col-auto style-1595-outer style-local-1388-c21-outer\">\n                      <div data-colibri-id=\"1388-c21\" class=\"d-flex h-flex-basis h-column__inner h-ui-empty-state-container h-px-lg-0 h-px-md-0 h-px-0 v-inner-lg-0 v-inner-md-0 v-inner-0 style-1595 style-local-1388-c21 position-relative\">\n                        <div class=\"background-wrapper\">\n                          <div class=\"background-layer background-layer-media-container-lg\">\n                            <!---->\n                            <div class=\"overlay-layer\">\n                              <div class=\"overlay-image-layer\" style=\"background-image: linear-gradient(10deg, rgba(255, 255, 255, 0) 0%, rgb(238, 241, 245) 100%);\"><\/div>\n                            <\/div>\n                          <\/div>\n                          <div class=\"background-layer background-layer-media-container-md\">\n                            <!---->\n                            <div class=\"overlay-layer\">\n                              <div class=\"overlay-image-layer\" style=\"background-image: linear-gradient(10deg, rgba(255, 255, 255, 0) 0%, rgb(238, 241, 245) 100%);\"><\/div>\n                            <\/div>\n                          <\/div>\n                          <div class=\"background-layer background-layer-media-container\">\n                            <!---->\n                            <div class=\"overlay-layer\">\n                              <div class=\"overlay-image-layer\" style=\"background-image: linear-gradient(10deg, rgba(255, 255, 255, 0) 0%, rgb(238, 241, 245) 100%);\"><\/div>\n                            <\/div>\n                          <\/div>\n                        <\/div>\n                        <!---->\n                        <div class=\"w-100 h-y-container h-column__content h-column__v-align flex-basis-100\">\n                          <!---->\n                        <\/div>\n                      <\/div>\n                    <\/div>\n                    <div class=\"h-column h-column-container d-flex h-col-lg-auto h-col-md-auto h-col-auto style-1596-outer style-local-1388-c22-outer\">\n                      <div data-colibri-id=\"1388-c22\" class=\"d-flex h-flex-basis h-column__inner h-px-lg-2 h-px-md-2 h-px-2 v-inner-lg-2 v-inner-md-2 v-inner-2 style-1596 style-local-1388-c22 position-relative\">\n                        <!---->\n                        <!---->\n                        <div class=\"w-100 h-y-container h-column__content h-column__v-align flex-basis-100 align-self-lg-center align-self-md-center align-self-center\">\n                          <!---->\n                          <div data-colibri-id=\"1388-c23\" class=\"h-global-transition-all h-heading style-1597 style-local-1388-c23 position-relative h-element\">\n                            <!---->\n                            <div class=\"h-heading__outer style-1597 style-local-1388-c23\">\n                              <!---->\n                              <!---->\n                              <h2 class=\"\">\u00bfLista para ver tus cejas del futuro?<\/h2>\n                            <\/div>\n                          <\/div>\n                          <div data-colibri-id=\"1388-c24\" class=\"h-lead h-text h-text-component style-1598 style-local-1388-c24 position-relative h-element\">\n                            <!---->\n                            <!---->\n                            <div class=\"\">\n                              <p>No dejes tu aspecto al azar. Reserva hoy mismo tu Vista Previa de Powder Brow y da el primer paso hacia una belleza sin esfuerzo con total confianza.<\/p>\n                            <\/div>\n                          <\/div>\n                          <div data-colibri-id=\"1388-c25\" class=\"h-x-container style-1599 style-local-1388-c25 position-relative h-element\">\n                            <!---->\n                            <div class=\"h-x-container-inner style-dynamic-1388-c25-group style-1599-spacing style-local-1388-c25-spacing\"><span class=\"h-button__outer style-1600-outer style-local-1388-c26-outer d-inline-flex h-element\"><a h-use-smooth-scroll=\"true\" href=\"https:\/\/www.fresha.com\/book-now\/brow-bar-moraira-qvst6exa\/services?lid=2918704&amp;eid=5157729&amp;oiid=sv%3A26761319&amp;share=true&amp;pId=2821845\"  data-colibri-id=\"1388-c26\" class=\"d-flex w-100 align-items-center h-button justify-content-lg-center justify-content-md-center justify-content-center style-1600 style-local-1388-c26 position-relative\"><!----><!----> <span>Reserva tu vista previa aqu\u00ed<\/span><\/a>\n                              <\/span>\n                            <\/div>\n                          <\/div>\n                        <\/div>\n                      <\/div>\n                    <\/div>\n                  <\/div>\n                <\/div>\n              <\/div>\n            <\/div>\n          <\/div>\n        <\/div>\n      <\/div>\n    <\/div>\n  <\/div>\n<\/div>","protected":false},"excerpt":{"rendered":"<p>Powderbrow preview Not sure a&nbsp;Powder Brow Treatment&nbsp;is for you? Are you dreaming of [&hellip;]<\/p>\n","protected":false},"author":1,"featured_media":0,"parent":0,"menu_order":0,"comment_status":"closed","ping_status":"closed","template":"page-templates\/full-width-page.php","meta":{"_uf_show_specific_survey":0,"_uf_disable_surveys":false,"_themeisle_gutenberg_block_has_review":false,"footnotes":""},"class_list":["post-1388","page","type-page","status-publish","hentry"],"aioseo_notices":[],"_links":{"self":[{"href":"https:\/\/browbarmoraira.es\/es\/wp-json\/wp\/v2\/pages\/1388","targetHints":{"allow":["GET"]}}],"collection":[{"href":"https:\/\/browbarmoraira.es\/es\/wp-json\/wp\/v2\/pages"}],"about":[{"href":"https:\/\/browbarmoraira.es\/es\/wp-json\/wp\/v2\/types\/page"}],"author":[{"embeddable":true,"href":"https:\/\/browbarmoraira.es\/es\/wp-json\/wp\/v2\/users\/1"}],"replies":[{"embeddable":true,"href":"https:\/\/browbarmoraira.es\/es\/wp-json\/wp\/v2\/comments?post=1388"}],"version-history":[{"count":6,"href":"https:\/\/browbarmoraira.es\/es\/wp-json\/wp\/v2\/pages\/1388\/revisions"}],"predecessor-version":[{"id":1429,"href":"https:\/\/browbarmoraira.es\/es\/wp-json\/wp\/v2\/pages\/1388\/revisions\/1429"}],"wp:attachment":[{"href":"https:\/\/browbarmoraira.es\/es\/wp-json\/wp\/v2\/media?parent=1388"}],"curies":[{"name":"wp","href":"https:\/\/api.w.org\/{rel}","templated":true}]}}