{"id":1099,"date":"2026-03-15T23:49:23","date_gmt":"2026-03-15T22:49:23","guid":{"rendered":"https:\/\/browbarmoraira.es\/brow-tinting\/"},"modified":"2026-04-08T21:37:41","modified_gmt":"2026-04-08T19:37:41","slug":"brow-tinting","status":"publish","type":"page","link":"https:\/\/browbarmoraira.es\/es\/brow-tinting\/","title":{"rendered":"Tinte de cejas"},"content":{"rendered":"<div data-colibri-id=\"1099-c1\" class=\"style-1142 style-local-1099-c1 position-relative\">\n  <!---->\n  <div data-colibri-component=\"section\" data-colibri-id=\"1099-c2\" id=\"custom\" class=\"h-section h-section-global-spacing d-flex align-items-lg-center align-items-md-center align-items-center style-1148 style-local-1099-c2 position-relative\">\n    <!---->\n    <!---->\n    <div class=\"h-section-grid-container h-section-boxed-container\">\n      <!---->\n      <div data-colibri-id=\"1099-c3\" class=\"h-row-container gutters-row-lg-0 gutters-row-md-0 gutters-row-0 gutters-row-v-lg-0 gutters-row-v-md-0 gutters-row-v-0 style-1149 style-local-1099-c3 position-relative\">\n        <!---->\n        <div class=\"h-row justify-content-lg-center justify-content-md-center justify-content-center align-items-lg-stretch align-items-md-stretch align-items-stretch gutters-col-lg-0 gutters-col-md-0 gutters-col-0 gutters-col-v-lg-0 gutters-col-v-md-0 gutters-col-v-0\">\n          <!---->\n          <div class=\"h-column h-column-container d-flex h-col-lg-6 h-col-md-6 h-col-12 style-1150-outer style-local-1099-c4-outer\">\n            <div data-colibri-id=\"1099-c4\" class=\"d-flex h-flex-basis h-column__inner h-ui-empty-state-container h-px-lg-0 h-px-md-0 h-px-0 v-inner-lg-0 v-inner-md-0 v-inner-0 style-1150 style-local-1099-c4 position-relative\">\n              <!---->\n              <!---->\n              <div class=\"w-100 h-y-container h-column__content h-column__v-align flex-basis-100\">\n                <!---->\n              <\/div>\n            <\/div>\n          <\/div>\n        <\/div>\n      <\/div>\n    <\/div>\n  <\/div>\n  <div data-colibri-component=\"section\" data-colibri-id=\"1099-c5\" id=\"about\" class=\"h-section h-section-global-spacing d-flex align-items-lg-center align-items-md-center align-items-end style-1143 style-local-1099-c5 h-overflow-hidden position-relative\">\n    <div class=\"background-wrapper\">\n      <div class=\"background-layer background-layer-media-container-lg\">\n        <div data-enabled=\"true\" data-colibri-component=\"parallax\" class=\"background-layer paraxify\" model-id=\"1099-c5\" media=\"desktop\" is-preview=\"true\" style=\"background-image: url(&quot;https:\/\/browbarmoraira.es\/wp-content\/uploads\/2026\/03\/cropped-11-scaled-1.png&quot;);\"><\/div>\n        <div class=\"overlay-layer\">\n          <div class=\"overlay-image-layer\" style=\"background-color: rgba(145, 120, 97, 0.75); opacity: 0.57;\"><\/div>\n        <\/div>\n      <\/div>\n      <div class=\"background-layer background-layer-media-container-md\">\n        <div data-enabled=\"true\" data-colibri-component=\"parallax\" class=\"background-layer paraxify\" model-id=\"1099-c5\" media=\"tablet\" is-preview=\"true\" style=\"background-image: url(&quot;https:\/\/browbarmoraira.es\/wp-content\/uploads\/2026\/03\/cropped-11-scaled-1.png&quot;);\"><\/div>\n        <div class=\"overlay-layer\">\n          <div class=\"overlay-image-layer\" style=\"background-color: rgba(145, 120, 97, 0.75); opacity: 0.57;\"><\/div>\n        <\/div>\n      <\/div>\n      <div class=\"background-layer background-layer-media-container\">\n        <div data-enabled=\"true\" data-colibri-component=\"parallax\" class=\"background-layer paraxify\" model-id=\"1099-c5\" media=\"mobile\" is-preview=\"true\" style=\"background-image: url(&quot;https:\/\/browbarmoraira.es\/wp-content\/uploads\/2026\/03\/cropped-11-scaled-1.png&quot;);\"><\/div>\n        <div class=\"overlay-layer\">\n          <div class=\"overlay-image-layer\" style=\"background-color: rgba(145, 120, 97, 0.75); opacity: 0.57;\"><\/div>\n        <\/div>\n      <\/div>\n    <\/div>\n    <!---->\n    <div class=\"h-section-grid-container h-section-boxed-container\">\n      <!---->\n      <div data-colibri-id=\"1099-c6\" class=\"h-row-container gutters-row-lg-0 gutters-row-md-0 gutters-row-2 gutters-row-v-lg-0 gutters-row-v-md-0 gutters-row-v-0 style-1144 style-local-1099-c6 position-relative\">\n        <!---->\n        <div class=\"h-row justify-content-lg-end justify-content-md-end justify-content-center align-items-lg-stretch align-items-md-stretch align-items-stretch gutters-col-lg-0 gutters-col-md-0 gutters-col-2 gutters-col-v-lg-0 gutters-col-v-md-0 gutters-col-v-0\">\n          <!---->\n          <div class=\"h-column h-column-container d-flex h-col-lg-auto h-col-md-auto h-col-auto style-1145-outer style-local-1099-c7-outer\">\n            <div data-colibri-id=\"1099-c7\" class=\"d-flex h-flex-basis h-column__inner h-px-lg-2 h-px-md-2 h-px-0 v-inner-lg-2 v-inner-md-2 v-inner-0 style-1145 style-local-1099-c7 position-relative\">\n              <!---->\n              <!---->\n              <div class=\"w-100 h-y-container h-column__content h-column__v-align flex-basis-100 align-self-lg-end align-self-md-end align-self-end\">\n                <!---->\n                <div data-colibri-id=\"1099-c8\" class=\"h-global-transition-all h-heading style-1146 style-local-1099-c8 position-relative h-element\">\n                  <!---->\n                  <div class=\"h-heading__outer style-1146 style-local-1099-c8\">\n                    <!---->\n                    <!---->\n                    <h2 class=\"\">Nuestra <em style=\"color: rgb(250, 234, 210);\">Tinto H\u00edbrido de Cejas<\/em> le dar\u00e1 a tus cejas un nuevo aspecto.<\/h2>\n                  <\/div>\n                <\/div>\n                <div data-colibri-id=\"1099-c9\" class=\"h-text h-text-component style-1147 style-local-1099-c9 position-relative h-element\">\n                  <!---->\n                  <!---->\n                  <div class=\"\">\n                    <p><span style=\"font-size: 122%; color: rgb(1, 1, 1);\">Audaz. Definida. Naturalmente T\u00fa.<\/span><\/p>\n                    <p class=\"translation-block\">Descubra nuestro Tinte de Cejas H\u00edbrido ratamiento\n- la mezcla perfecta de color duradero y definici\u00f3n suave y natural. Dise\u00f1ado para realzar las cejas manteniendo un acabado impecable y a medida que perdura.<\/p>\n                    <ul>\n                      <li>Cejas de aspecto m\u00e1s voluminoso<\/li>\n                      <li>Resistente a manchas, resultados de larga duraci\u00f3n<\/li>\n                      <li>A medida seg\u00fan tus rasgos<\/li>\n                    <\/ul>\n                    <p>\n                      <br>\n                    <\/p>\n                  <\/div>\n                <\/div>\n              <\/div>\n            <\/div>\n          <\/div>\n        <\/div>\n      <\/div>\n    <\/div>\n  <\/div>\n  <div data-colibri-component=\"section\" data-colibri-id=\"1099-c10\" id=\"about-2\" class=\"h-section h-section-global-spacing d-flex align-items-lg-center align-items-md-center align-items-center style-1151 style-local-1099-c10 position-relative\">\n    <div class=\"background-wrapper\">\n      <div class=\"background-layer background-layer-media-container-lg\">\n        <!---->\n        <div class=\"overlay-layer\">\n          <div class=\"overlay-image-layer\" style=\"background-color: rgba(245, 238, 222, 0.87); opacity: 0.51;\"><\/div>\n        <\/div>\n      <\/div>\n      <div class=\"background-layer background-layer-media-container-md\">\n        <!---->\n        <div class=\"overlay-layer\">\n          <div class=\"overlay-image-layer\" style=\"background-color: rgba(245, 238, 222, 0.87); opacity: 0.51;\"><\/div>\n        <\/div>\n      <\/div>\n      <div class=\"background-layer background-layer-media-container\">\n        <!---->\n        <div class=\"overlay-layer\">\n          <div class=\"overlay-image-layer\" style=\"background-color: rgba(245, 238, 222, 0.87); opacity: 0.51;\"><\/div>\n        <\/div>\n      <\/div>\n    <\/div>\n    <!---->\n    <div class=\"h-section-grid-container h-section-boxed-container\">\n      <!---->\n      <div data-colibri-id=\"1099-c11\" class=\"h-row-container gutters-row-lg-0 gutters-row-md-0 gutters-row-0 gutters-row-v-lg-0 gutters-row-v-md-0 gutters-row-v-0 style-1152 style-local-1099-c11 position-relative\">\n        <!---->\n        <div class=\"h-row justify-content-lg-start justify-content-md-start justify-content-start align-items-lg-stretch align-items-md-stretch align-items-stretch gutters-col-lg-0 gutters-col-md-0 gutters-col-0 gutters-col-v-lg-0 gutters-col-v-md-0 gutters-col-v-0\">\n          <!---->\n          <div class=\"h-column h-column-container d-flex h-col-lg-auto h-col-md-auto h-col-auto style-1155-outer style-local-1099-c12-outer\">\n            <div data-colibri-id=\"1099-c12\" class=\"d-flex h-flex-basis h-column__inner h-px-lg-3 h-px-md-3 h-px-3 v-inner-lg-3 v-inner-md-3 v-inner-3 style-1155 style-local-1099-c12 position-relative\">\n              <!---->\n              <!---->\n              <div class=\"w-100 h-y-container h-column__content h-column__v-align flex-basis-100 align-self-lg-center align-self-md-center align-self-center\">\n                <!---->\n                <div data-colibri-id=\"1099-c13\" class=\"h-global-transition-all h-heading style-1156 style-local-1099-c13 position-relative h-element\">\n                  <!---->\n                  <div class=\"h-heading__outer style-1156 style-local-1099-c13\">\n                    <!---->\n                    <!---->\n                    <h3 class=\"\">Disfruta de nuestro&nbsp;&nbsp;<em style=\"color: rgb(115, 103, 87); font-family: &quot;Playfair Display&quot;;\">Tinto H\u00edbrido de Cejas<\/em><em style=\"color: rgb(3, 169, 244); font-family: &quot;Playfair Display&quot;;\"> <\/em> y disfruta de los resultados&nbsp;\n                      <em\n                        style=\"color: rgb(115, 103, 87); font-family: &quot;Playfair Display&quot;;\">Duraderos.<\/em><em style=\"color: rgb(3, 169, 244); font-family: &quot;Playfair Display&quot;;\"> <\/em>results.<\/h3>\n                  <\/div>\n                <\/div>\n                <div data-colibri-id=\"1099-c14\" class=\"h-text h-text-component style-1157 style-local-1099-c14 position-relative h-element\">\n                  <!---->\n                  <!---->\n                  <div class=\"\">\n                    <p>Las Hybrid Brows son una forma de coloraci\u00f3n de cejas que utiliza un tinte especializado para cejas y pesta\u00f1as. Funciona de manera diferente al tinte tradicional, ya que el color ti\u00f1e tanto el vello como la piel. El tinte tradicional solo colorea el vello. El tinte h\u00edbrido se va eliminando de manera natural con el crecimiento, mientras que el tinte tradicional se desvanece en un per\u00edodo de 3-4 semanas. Los efectos de las Hybrid Brows son los mismos que los de la Henna, pero no contienen ning\u00fan producto de Henna.<\/p>\n                    <p>El tinte regular de cejas suele durar alrededor de 3-4 semanas, y eso solo si evitas lavar la zona de las cejas. Adem\u00e1s, el tinte regular de cejas no puede disimular unas cejas demasiado depiladas que necesiten restauraci\u00f3n natural ni corregir un mal resultado de maquillaje permanente o microblading.<\/p>\n                    <p>Hybrid Brows ofrece una coloraci\u00f3n \u00f3ptima de cejas y piel con un suave efecto de maquillaje en polvo degradado. Es un tratamiento ideal para quienes no desean recurrir a la aguja con cejas cosm\u00e9ticas, pero buscan ese mismo efecto. La extraordinaria resistencia de los ingredientes del producto permite que el tinte permanezca en los vellos durante hasta 6 o 7 semanas y en la piel hasta 10 d\u00edas, siempre que la piel no sea demasiado grasa.<\/p>\n                  <\/div>\n                <\/div>\n              <\/div>\n            <\/div>\n          <\/div>\n        <\/div>\n      <\/div>\n    <\/div>\n  <\/div>\n  <div data-colibri-component=\"section\" data-colibri-id=\"1099-c19\" id=\"f-a-q\" class=\"h-section h-section-global-spacing d-flex align-items-lg-center align-items-md-center align-items-center style-1164 style-local-1099-c19 position-relative\">\n    <!---->\n    <!---->\n    <div class=\"h-section-grid-container h-section-boxed-container\">\n      <div data-colibri-id=\"1099-c29\" class=\"h-row-container gutters-row-lg-2 gutters-row-md-2 gutters-row-2 gutters-row-v-lg-2 gutters-row-v-md-2 gutters-row-v-2 style-1175 style-local-1099-c29 position-relative\">\n        <!---->\n        <div class=\"h-row justify-content-lg-start justify-content-md-start justify-content-start align-items-lg-stretch align-items-md-stretch align-items-stretch gutters-col-lg-2 gutters-col-md-2 gutters-col-2 gutters-col-v-lg-2 gutters-col-v-md-2 gutters-col-v-2\">\n          <!---->\n          <div class=\"h-column h-column-container d-flex h-col-lg-auto h-col-md-auto h-col-auto style-1176-outer style-local-1099-c30-outer\">\n            <div data-colibri-id=\"1099-c30\" class=\"d-flex h-flex-basis h-column__inner h-px-lg-2 h-px-md-2 h-px-2 v-inner-lg-0 v-inner-md-0 v-inner-0 style-1176 style-local-1099-c30 position-relative\">\n              <!---->\n              <!---->\n              <div class=\"w-100 h-y-container h-column__content h-column__v-align flex-basis-auto align-self-lg-center align-self-md-center align-self-center\">\n                <!---->\n                <div data-colibri-id=\"1099-c31\" class=\"h-global-transition-all h-heading style-1177 style-local-1099-c31 position-relative h-element\">\n                  <!---->\n                  <div class=\"h-heading__outer style-1177 style-local-1099-c31\">\n                    <!---->\n                    <!---->\n                    <h2 class=\"\">Informaci\u00f3n\n                      <br>importante<\/h2>\n                  <\/div>\n                <\/div>\n              <\/div>\n            <\/div>\n          <\/div>\n          <div class=\"h-column h-column-container d-flex h-col-lg-auto h-col-md h-col-auto style-1178-outer style-local-1099-c32-outer\">\n            <div data-colibri-id=\"1099-c32\" class=\"d-flex h-flex-basis h-column__inner h-px-lg-2 h-px-md-2 h-px-2 v-inner-lg-0 v-inner-md-0 v-inner-0 style-1178 style-local-1099-c32 position-relative\">\n              <!---->\n              <!---->\n              <div class=\"w-100 h-y-container h-column__content h-column__v-align flex-basis-100 align-self-lg-start align-self-md-start align-self-start\">\n                <!---->\n                <div data-colibri-id=\"1099-c33\" class=\"h-global-transition-all h-heading style-1179 style-local-1099-c33 position-relative h-element\">\n                  <!---->\n                  <div class=\"h-heading__outer style-1179 style-local-1099-c33\">\n                    <!---->\n                    <!---->\n                    <h5 class=\"\">Tienes preguntas. Nosotros tenemos respuestas.<\/h5>\n                  <\/div>\n                <\/div>\n                <div data-colibri-id=\"1099-c34\" class=\"h-text h-text-component style-1180 style-local-1099-c34 position-relative h-element\">\n                  <!---->\n                  <!---->\n                  <div class=\"\">\n                    <p>Por favor, t\u00f3mate el tiempo de leer esta informaci\u00f3n antes de tu primera cita.<\/p>\n                  <\/div>\n                <\/div>\n              <\/div>\n            <\/div>\n          <\/div>\n        <\/div>\n      <\/div>\n      <div data-colibri-id=\"1099-c20\" class=\"h-row-container gutters-row-lg-2 gutters-row-md-2 gutters-row-0 gutters-row-v-lg-2 gutters-row-v-md-2 gutters-row-v-2 style-1165 style-local-1099-c20 position-relative\">\n        <!---->\n        <div class=\"h-row justify-content-lg-center justify-content-md-center justify-content-center align-items-lg-stretch align-items-md-stretch align-items-stretch gutters-col-lg-2 gutters-col-md-2 gutters-col-0 gutters-col-v-lg-2 gutters-col-v-md-2 gutters-col-v-2\">\n          <!---->\n          <div class=\"h-column h-column-container d-flex h-col-lg-auto h-col-md-auto h-col-auto style-1166-outer style-local-1099-c21-outer\">\n            <div data-colibri-id=\"1099-c21\" class=\"d-flex h-flex-basis h-column__inner h-px-lg-2 h-px-md-2 h-px-2 v-inner-lg-2 v-inner-md-2 v-inner-2 style-1166 style-local-1099-c21 position-relative\">\n              <!---->\n              <!---->\n              <div class=\"w-100 h-y-container h-column__content h-column__v-align flex-basis-100 align-self-lg-start align-self-md-start align-self-start\">\n                <!---->\n                <div data-toggle=\"true\" data-is-preview=\"true\" data-colibri-component=\"accordion\" data-colibri-id=\"1099-c22\" class=\"h-accordion style-1167 style-local-1099-c22 position-relative h-element\">\n                  <!---->\n                  <div data-colibri-id=\"1099-c23\" class=\"h-accordion-item h-accordion-item-first-child style-1168 style-local-1099-c23 position-relative h-element\">\n                    <!---->\n                    <a data-open-by-default=\"false\" href=\"#1099-c23\" class=\"h-accordion-item-title d-flex align-items-center h-global-transition\">\n                      <!----><span>\u00bfPara qui\u00e9n son adecuadas las cejas h\u00edbridas? <\/span>\n                      <div class=\"h-accordion-item-title-normal-icon h-accordion-item-title-icon h-accordion-item-title-icon-right\"><span class=\"h-svg-icon\"><!--Icon by Icons8 Line Awesome (https:\/\/icons8.com\/line-awesome)--><svg version=\"1.1\" xmlns=\"http:\/\/www.w3.org\/2000\/svg\" xmlns:xlink=\"http:\/\/www.w3.org\/1999\/xlink\" id=\"plus\" viewbox=\"0 0 512 545.5\"><path d=\"M240 112h32v160h160v32H272v160h-32V304H80v-32h160V112z\"><\/path><\/svg><\/span><\/div>\n                      <div class=\"h-accordion-item-title-active-icon h-accordion-item-title-icon h-accordion-item-title-icon-right\"><span class=\"h-svg-icon\"><!--Icon by Icons8 Line Awesome (https:\/\/icons8.com\/line-awesome)--><svg version=\"1.1\" xmlns=\"http:\/\/www.w3.org\/2000\/svg\" xmlns:xlink=\"http:\/\/www.w3.org\/1999\/xlink\" id=\"minus\" viewbox=\"0 0 512 545.5\"><path d=\"M80 272h352v32H80v-32z\"><\/path><\/svg><\/span><\/div>\n                    <\/a>\n                    <div id=\"1099-c23\" class=\"h-accordion-item-content__container\">\n                      <div class=\"w-100 h-y-container h-accordion-item-content\">\n                        <!---->\n                        <div data-colibri-id=\"1099-c24\" class=\"h-text h-text-component style-1169 style-local-1099-c24 position-relative h-element\">\n                          <!---->\n                          <!---->\n                          <div class=\"\">\n                            <p>Los tratamientos de cejas h\u00edbridas son adecuados para todo el mundo. Sin embargo, quienes tienen la piel muy grasa pueden notar que la tinci\u00f3n en la piel no dura tanto. Es ideal para quienes buscan rellenar huecos dispersos en las cejas y desean un estilo de cejas m\u00e1s fuerte y definido.&nbsp;<\/p>\n                          <\/div>\n                        <\/div>\n                      <\/div>\n                    <\/div>\n                  <\/div>\n                  <div data-colibri-id=\"1099-c25\" class=\"h-accordion-item style-1171 style-local-1099-c25 position-relative h-element\">\n                    <!---->\n                    <a data-open-by-default=\"false\" href=\"#1099-c25\" class=\"h-accordion-item-title d-flex align-items-center h-global-transition\">\n                      <!----><span>Qu\u00e9 hacer antes de un tratamiento de cejas h\u00edbridas? <\/span>\n                      <div class=\"h-accordion-item-title-normal-icon h-accordion-item-title-icon h-accordion-item-title-icon-right\"><span class=\"h-svg-icon\"><!--Icon by Icons8 Line Awesome (https:\/\/icons8.com\/line-awesome)--><svg version=\"1.1\" xmlns=\"http:\/\/www.w3.org\/2000\/svg\" xmlns:xlink=\"http:\/\/www.w3.org\/1999\/xlink\" id=\"plus\" viewbox=\"0 0 512 545.5\"><path d=\"M240 112h32v160h160v32H272v160h-32V304H80v-32h160V112z\"><\/path><\/svg><\/span><\/div>\n                      <div class=\"h-accordion-item-title-active-icon h-accordion-item-title-icon h-accordion-item-title-icon-right\"><span class=\"h-svg-icon\"><!--Icon by Icons8 Line Awesome (https:\/\/icons8.com\/line-awesome)--><svg version=\"1.1\" xmlns=\"http:\/\/www.w3.org\/2000\/svg\" xmlns:xlink=\"http:\/\/www.w3.org\/1999\/xlink\" id=\"minus\" viewbox=\"0 0 512 545.5\"><path d=\"M80 272h352v32H80v-32z\"><\/path><\/svg><\/span><\/div>\n                    <\/a>\n                    <div id=\"1099-c25\" class=\"h-accordion-item-content__container\">\n                      <div class=\"w-100 h-y-container h-accordion-item-content\">\n                        <!---->\n                        <div data-colibri-id=\"1099-c26\" class=\"h-text h-text-component style-1172 style-local-1099-c26 position-relative h-element\">\n                          <!---->\n                          <!---->\n                          <div class=\"\">\n                            <p>As\u00ed es como debes prepararte para un tratamiento de cejas h\u00edbridas.&nbsp;<\/p>\n                            <ul>\n                              <li>Si es tu primer tratamiento, tu estilista puede requerir que realices una prueba de alergia 48 horas antes.&nbsp;<\/li>\n                              <li>Evita aplicar cualquier producto de bronceado artificial (incluidos los autobronceadores graduales y las gotas bronceadoras) durante los tres d\u00edas antes y despu\u00e9s de tu tratamiento.<\/li>\n                              <li>Si tu tratamiento de cejas h\u00edbridas tambi\u00e9n incluye depilaci\u00f3n, evita usar productos exfoliantes (tanto \u00e1cidos como exfoliantes f\u00edsicos), retinoles y otros cuidados de la piel con activos fuertes durante los tres d\u00edas anteriores y posteriores a tu tratamiento.&nbsp;&nbsp;<\/li>\n                            <\/ul>\n                          <\/div>\n                        <\/div>\n                      <\/div>\n                    <\/div>\n                  <\/div>\n                  <div data-colibri-id=\"1099-c27\" class=\"h-accordion-item style-1173 style-local-1099-c27 position-relative h-element\">\n                    <!---->\n                    <a data-open-by-default=\"false\" href=\"#1099-c27\" class=\"h-accordion-item-title d-flex align-items-center h-global-transition\">\n                      <!----><span>Cuidados posteriores para cejas h\u00edbridas?<\/span>\n                      <div class=\"h-accordion-item-title-normal-icon h-accordion-item-title-icon h-accordion-item-title-icon-right\"><span class=\"h-svg-icon\"><!--Icon by Icons8 Line Awesome (https:\/\/icons8.com\/line-awesome)--><svg version=\"1.1\" xmlns=\"http:\/\/www.w3.org\/2000\/svg\" xmlns:xlink=\"http:\/\/www.w3.org\/1999\/xlink\" id=\"plus\" viewbox=\"0 0 512 545.5\"><path d=\"M240 112h32v160h160v32H272v160h-32V304H80v-32h160V112z\"><\/path><\/svg><\/span><\/div>\n                      <div class=\"h-accordion-item-title-active-icon h-accordion-item-title-icon h-accordion-item-title-icon-right\"><span class=\"h-svg-icon\"><!--Icon by Icons8 Line Awesome (https:\/\/icons8.com\/line-awesome)--><svg version=\"1.1\" xmlns=\"http:\/\/www.w3.org\/2000\/svg\" xmlns:xlink=\"http:\/\/www.w3.org\/1999\/xlink\" id=\"minus\" viewbox=\"0 0 512 545.5\"><path d=\"M80 272h352v32H80v-32z\"><\/path><\/svg><\/span><\/div>\n                    <\/a>\n                    <div id=\"1099-c27\" class=\"h-accordion-item-content__container\">\n                      <div class=\"w-100 h-y-container h-accordion-item-content\">\n                        <!---->\n                        <div data-colibri-id=\"1099-c28\" class=\"h-text h-text-component style-1174 style-local-1099-c28 position-relative h-element\">\n                          <!---->\n                          <!---->\n                          <div class=\"\">\n                            <p>Despu\u00e9s de tu tratamiento de cejas h\u00edbridas, sigue estas indicaciones para aprovechar al m\u00e1ximo los resultados:&nbsp;<\/p>\n                            <ul>\n                              <li>Evita frotar la zona durante 24 horas despu\u00e9s del tratamiento.&nbsp;<\/li>\n                              <li>Evita el uso de saunas, camas solares, piscinas y ba\u00f1os de vapor durante 48 horas despu\u00e9s del tratamiento.&nbsp;<\/li>\n                              <li>No aplicar bronceador artificial ni utilizar productos exfoliantes o de cuidado antiedad durante los tres d\u00edas posteriores al tratamiento.&nbsp;<\/li>\n                              <li>El uso de limpiadores a base de aceite puede hacer que el tinte se desvanezca m\u00e1s r\u00e1pido.&nbsp;<\/li>\n                              <li>Sigue siempre las indicaciones de tu estilista de cejas.&nbsp;<\/li>\n                            <\/ul>\n                          <\/div>\n                        <\/div>\n                      <\/div>\n                    <\/div>\n                  <\/div>\n                <\/div>\n              <\/div>\n            <\/div>\n          <\/div>\n        <\/div>\n      <\/div>\n    <\/div>\n  <\/div>\n<\/div>","protected":false},"excerpt":{"rendered":"<p>Our Hybrid Brow Tinting will give your brows an new look. Bold. Defined. [&hellip;]<\/p>\n","protected":false},"author":1,"featured_media":0,"parent":0,"menu_order":0,"comment_status":"closed","ping_status":"closed","template":"page-templates\/full-width-page.php","meta":{"_uf_show_specific_survey":0,"_uf_disable_surveys":false,"_themeisle_gutenberg_block_has_review":false,"footnotes":""},"class_list":["post-1099","page","type-page","status-publish","hentry"],"aioseo_notices":[],"_links":{"self":[{"href":"https:\/\/browbarmoraira.es\/es\/wp-json\/wp\/v2\/pages\/1099","targetHints":{"allow":["GET"]}}],"collection":[{"href":"https:\/\/browbarmoraira.es\/es\/wp-json\/wp\/v2\/pages"}],"about":[{"href":"https:\/\/browbarmoraira.es\/es\/wp-json\/wp\/v2\/types\/page"}],"author":[{"embeddable":true,"href":"https:\/\/browbarmoraira.es\/es\/wp-json\/wp\/v2\/users\/1"}],"replies":[{"embeddable":true,"href":"https:\/\/browbarmoraira.es\/es\/wp-json\/wp\/v2\/comments?post=1099"}],"version-history":[{"count":9,"href":"https:\/\/browbarmoraira.es\/es\/wp-json\/wp\/v2\/pages\/1099\/revisions"}],"predecessor-version":[{"id":2445,"href":"https:\/\/browbarmoraira.es\/es\/wp-json\/wp\/v2\/pages\/1099\/revisions\/2445"}],"wp:attachment":[{"href":"https:\/\/browbarmoraira.es\/es\/wp-json\/wp\/v2\/media?parent=1099"}],"curies":[{"name":"wp","href":"https:\/\/api.w.org\/{rel}","templated":true}]}}